{"id":1074,"date":"2025-09-11T15:44:03","date_gmt":"2025-09-11T13:44:03","guid":{"rendered":"https:\/\/pandanation.ch\/haeufig-gestellte-fragen\/"},"modified":"2026-03-25T13:32:41","modified_gmt":"2026-03-25T12:32:41","slug":"haeufig-gestellte-fragen","status":"publish","type":"page","link":"https:\/\/pandanation.ch\/fr\/haeufig-gestellte-fragen\/","title":{"rendered":"Questions fr\u00e9quentes"},"content":{"rendered":"\n<div id=\"header-ohne-bild-einspaltig-block_f305aca08f04f24e742e9a08f2c6782a\" class=\"gb-block  remove-spacing-top  mod-header-ohne-bild-einspaltig\">\n                        <div class=\"container-breakout\" style=\"background: #b4d282;\">\n                <div class=\"container\">\n                    <div class=\"row\">\n                        <div class=\"col-12 column-narrow col-lg-8 col-xxxl-6\">\n                            <div class=\"text\">\n                                <h1 class=\"h1\">Questions fr\u00e9quentes<\/h1>\n<p class=\"lead\">Tu trouveras ici les r\u00e9ponses aux questions les plus fr\u00e9quemment pos\u00e9es. Tu n&rsquo;as pas trouv\u00e9 la r\u00e9ponse \u00e0 ta question ? Contacte-nous <a href=\"lauf@wwf.ch\">ici<\/a>.<\/p>\n    \n                            <\/div>\n                        <\/div>\n                    <\/div>\n                <\/div>\n            <\/div>\n            <\/div>\n\n\n\n<div id=\"text-block_9bcf19acbd910aae44b724d32cc8a066\" class=\"gb-block   remove-spacing-bottom mod-text\">\n                        <div class=\"container-breakout\" style=\"background: ;\">\n                <div class=\"container\">\n                    <div class=\"row\">\n                        <div class=\"col-12 column-wide\">\n                            <div class=\"text\">\n                                <h2 class=\"h2\">Informations g\u00e9n\u00e9rales<\/h2>\n    \n                            <\/div>\n                        <\/div>\n                    <\/div>\n                <\/div>\n            <\/div>\n            <\/div>\n\n\n\n<div id=\"accordion-block_8dc6b0d4ec582aab90ccb47e083576be\" class=\"gb-block    mod-accordion\">\n\t\n                <div class=\"accordion accordion-flush\" id=\"accordion-accordion-block_8dc6b0d4ec582aab90ccb47e083576be\" style=\"--c-accordion: var(--c-text-primary);\">\n                \n                    <div class=\"accordion-item\">\n                        <h3 class=\"accordion-header\" id=\"flush-heading-accordion-block_8dc6b0d4ec582aab90ccb47e083576be-1\">\n                            <button class=\"accordion-button collapsed\" type=\"button\" data-bs-toggle=\"collapse\" data-bs-target=\"#flush-collapse-accordion-block_8dc6b0d4ec582aab90ccb47e083576be-1\" aria-expanded=\"false\" aria-controls=\"flush-collapse-accordion-block_8dc6b0d4ec582aab90ccb47e083576be-1\">\n                                <div class=\"header-title\">Comment trouver des donateurs ?<\/div>                                <div class=\"indicator\"><span><\/span><span><\/span><\/div>\n                            <\/button>\n                        <\/h3>\n                        <div id=\"flush-collapse-accordion-block_8dc6b0d4ec582aab90ccb47e083576be-1\" class=\"accordion-collapse collapse \" aria-labelledby=\"flush-heading-accordion-block_8dc6b0d4ec582aab90ccb47e083576be-1\" data-bs-parent=\"#accordion-accordion-block_8dc6b0d4ec582aab90ccb47e083576be\">\n                            <div class=\"accordion-body\">                                \n                                <div class=\"row\">\n                                    <div class=\"col-12 \">\n                                        <div class=\"text\"><div id=\"hrf-content-1316\" class=\"hrf-content\">\n<p>Une fois inscrit, le WWF te fournit un profil que tu peux personnaliser \u00e0 ta guise avec tes propres mots et photos, puis envoyer \u00e0 tes donateurs potentiels parmi ton entourage personnel. Les dons peuvent provenir, par exemple, d&rsquo;amis, de parents, de coll\u00e8gues de travail ou de voisins.<\/p>\n<p>Ils peuvent d\u00e9cider librement s&rsquo;ils souhaitent vous soutenir, ou soutenir les projets du WWF, et, le cas \u00e9ch\u00e9ant, \u00e0 hauteur de quel montant.<\/p>\n<\/div>\n<\/div>                                    <\/div>\n                                                                    <\/div>\n                            <\/div>\n                        <\/div>\n                    <\/div>\n\n                \n                    <div class=\"accordion-item\">\n                        <h3 class=\"accordion-header\" id=\"flush-heading-accordion-block_8dc6b0d4ec582aab90ccb47e083576be-2\">\n                            <button class=\"accordion-button collapsed\" type=\"button\" data-bs-toggle=\"collapse\" data-bs-target=\"#flush-collapse-accordion-block_8dc6b0d4ec582aab90ccb47e083576be-2\" aria-expanded=\"false\" aria-controls=\"flush-collapse-accordion-block_8dc6b0d4ec582aab90ccb47e083576be-2\">\n                                <div class=\"header-title\">Comment le WWF me soutient-il dans le cadre des Pandathlons ?<\/div>                                <div class=\"indicator\"><span><\/span><span><\/span><\/div>\n                            <\/button>\n                        <\/h3>\n                        <div id=\"flush-collapse-accordion-block_8dc6b0d4ec582aab90ccb47e083576be-2\" class=\"accordion-collapse collapse \" aria-labelledby=\"flush-heading-accordion-block_8dc6b0d4ec582aab90ccb47e083576be-2\" data-bs-parent=\"#accordion-accordion-block_8dc6b0d4ec582aab90ccb47e083576be\">\n                            <div class=\"accordion-body\">                                \n                                <div class=\"row\">\n                                    <div class=\"col-12 \">\n                                        <div class=\"text\"><p>Participer \u00e0 un Pandathlon est une exp\u00e9rience inoubliable et enrichissante. Notre animatrice tr\u00e8s appr\u00e9ci\u00e9e, notre sympathique mascotte panda, les ravitaillements propos\u00e9s durant la course et l&rsquo;ambiance imbattable y contribuent largement.<\/p>\n<p>Apr\u00e8s la course, chaque coureur re\u00e7oit un petit cadeau de remerciement ainsi qu&rsquo;un certificat. Le ou la participant\u00b7e ayant parcouru la plus grande distance et r\u00e9colt\u00e9 le plus d&rsquo;argent remporte un prix attractif. La classe ayant r\u00e9colt\u00e9 le plus d&rsquo;argent gagne en outre un voyage scolaire.<\/p>\n<\/div>                                    <\/div>\n                                                                    <\/div>\n                            <\/div>\n                        <\/div>\n                    <\/div>\n\n                \n                    <div class=\"accordion-item\">\n                        <h3 class=\"accordion-header\" id=\"flush-heading-accordion-block_8dc6b0d4ec582aab90ccb47e083576be-3\">\n                            <button class=\"accordion-button collapsed\" type=\"button\" data-bs-toggle=\"collapse\" data-bs-target=\"#flush-collapse-accordion-block_8dc6b0d4ec582aab90ccb47e083576be-3\" aria-expanded=\"false\" aria-controls=\"flush-collapse-accordion-block_8dc6b0d4ec582aab90ccb47e083576be-3\">\n                                <div class=\"header-title\">Comment la protection des donn\u00e9es est-elle garantie ?<\/div>                                <div class=\"indicator\"><span><\/span><span><\/span><\/div>\n                            <\/button>\n                        <\/h3>\n                        <div id=\"flush-collapse-accordion-block_8dc6b0d4ec582aab90ccb47e083576be-3\" class=\"accordion-collapse collapse \" aria-labelledby=\"flush-heading-accordion-block_8dc6b0d4ec582aab90ccb47e083576be-3\" data-bs-parent=\"#accordion-accordion-block_8dc6b0d4ec582aab90ccb47e083576be\">\n                            <div class=\"accordion-body\">                                \n                                <div class=\"row\">\n                                    <div class=\"col-12 \">\n                                        <div class=\"text\"><p>La protection de votre vie priv\u00e9e est une pr\u00e9occupation importante pour le propri\u00e9taire du domaine.<\/p>\n<p>Dans la mesure o\u00f9 des donn\u00e9es personnelles, telles que le nom, l&rsquo;adresse ou l&rsquo;adresse e-mail, sont collect\u00e9es sur ce site web, cela se fait sur une base volontaire. Ces donn\u00e9es seront trait\u00e9es de mani\u00e8re confidentielle et ne seront pas transmises \u00e0 des tiers.<\/p>\n<p>En collaboration avec nos h\u00e9bergeurs, nous nous effor\u00e7ons de prot\u00e9ger au mieux les bases de donn\u00e9es contre tout acc\u00e8s non autoris\u00e9, perte, utilisation abusive ou falsification.<\/p>\n<p>Lorsque vous acc\u00e9dez \u00e0 ce site web, les donn\u00e9es suivantes sont enregistr\u00e9es dans des fichiers journaux : l&rsquo;adresse IP, la date, l&rsquo;heure, la requ\u00eate du navigateur et les informations g\u00e9n\u00e9rales sur le syst\u00e8me d&rsquo;exploitation ou le navigateur utilis\u00e9.<\/p>\n<p>Nous utilisons \u00e9galement des services d&rsquo;analyse Web qui enregistrent des cookies sur votre ordinateur. Toutes les donn\u00e9es d&rsquo;utilisation sont exclusivement utilis\u00e9es \u00e0 des fins d&rsquo;\u00e9valuations statistiques anonymes qui nous aident \u00e0 optimiser le site web.<\/p>\n<p>Pour plus d&rsquo;informations sur les politiques de confidentialit\u00e9, veuillez vous r\u00e9f\u00e9rer aux sites web respectifs.<\/p>\n<\/div>                                    <\/div>\n                                                                    <\/div>\n                            <\/div>\n                        <\/div>\n                    <\/div>\n\n                \n                    <div class=\"accordion-item\">\n                        <h3 class=\"accordion-header\" id=\"flush-heading-accordion-block_8dc6b0d4ec582aab90ccb47e083576be-4\">\n                            <button class=\"accordion-button collapsed\" type=\"button\" data-bs-toggle=\"collapse\" data-bs-target=\"#flush-collapse-accordion-block_8dc6b0d4ec582aab90ccb47e083576be-4\" aria-expanded=\"false\" aria-controls=\"flush-collapse-accordion-block_8dc6b0d4ec582aab90ccb47e083576be-4\">\n                                <div class=\"header-title\">Quand pourrai-je recevoir le certificat de ma classe ?<\/div>                                <div class=\"indicator\"><span><\/span><span><\/span><\/div>\n                            <\/button>\n                        <\/h3>\n                        <div id=\"flush-collapse-accordion-block_8dc6b0d4ec582aab90ccb47e083576be-4\" class=\"accordion-collapse collapse \" aria-labelledby=\"flush-heading-accordion-block_8dc6b0d4ec582aab90ccb47e083576be-4\" data-bs-parent=\"#accordion-accordion-block_8dc6b0d4ec582aab90ccb47e083576be\">\n                            <div class=\"accordion-body\">                                \n                                <div class=\"row\">\n                                    <div class=\"col-12 \">\n                                        <div class=\"text\"><p>Votre certificat de classe vous sera envoy\u00e9 par la poste une fois l&rsquo;action termin\u00e9e.<\/p>\n<\/div>                                    <\/div>\n                                                                    <\/div>\n                            <\/div>\n                        <\/div>\n                    <\/div>\n\n                            <\/div>            \n        \n<\/div>\n\n\n\n\n<div id=\"text-block_554e567d408ef1bc608e12536ace75d3\" class=\"gb-block   remove-spacing-bottom mod-text\">\n                        <div class=\"container-breakout\" style=\"background: ;\">\n                <div class=\"container\">\n                    <div class=\"row\">\n                        <div class=\"col-12 column-wide\">\n                            <div class=\"text\">\n                                <h2 class=\"h2\">Id\u00e9es pour la promotion<\/h2>\n    \n                            <\/div>\n                        <\/div>\n                    <\/div>\n                <\/div>\n            <\/div>\n            <\/div>\n\n\n\n<div id=\"accordion-block_2a692554aa8df9229453382fb8685b86\" class=\"gb-block    mod-accordion\">\n\t\n                <div class=\"accordion accordion-flush\" id=\"accordion-accordion-block_2a692554aa8df9229453382fb8685b86\" style=\"--c-accordion: var(--c-text-primary);\">\n                \n                    <div class=\"accordion-item\">\n                        <h3 class=\"accordion-header\" id=\"flush-heading-accordion-block_2a692554aa8df9229453382fb8685b86-1\">\n                            <button class=\"accordion-button collapsed\" type=\"button\" data-bs-toggle=\"collapse\" data-bs-target=\"#flush-collapse-accordion-block_2a692554aa8df9229453382fb8685b86-1\" aria-expanded=\"false\" aria-controls=\"flush-collapse-accordion-block_2a692554aa8df9229453382fb8685b86-1\">\n                                <div class=\"header-title\">Comment partager au mieux mon action ?<\/div>                                <div class=\"indicator\"><span><\/span><span><\/span><\/div>\n                            <\/button>\n                        <\/h3>\n                        <div id=\"flush-collapse-accordion-block_2a692554aa8df9229453382fb8685b86-1\" class=\"accordion-collapse collapse \" aria-labelledby=\"flush-heading-accordion-block_2a692554aa8df9229453382fb8685b86-1\" data-bs-parent=\"#accordion-accordion-block_2a692554aa8df9229453382fb8685b86\">\n                            <div class=\"accordion-body\">                                \n                                <div class=\"row\">\n                                    <div class=\"col-12 \">\n                                        <div class=\"text\"><p>Le meilleur moyen de le faire est d&rsquo;utiliser le lien ou le code QR qui y renvoie directement (<a href=\"https:\/\/www.qrcode-generator.ch\/\">voici un g\u00e9n\u00e9rateur de code QR possible<\/a>) ou le flyer PDF que tu trouveras sur la page de ton action. Les r\u00e9seaux sociaux, comme Instagram ou WhatsApp, les e-mails, les affiches, etc., sont parfaits pour ce type de communication.<\/p>\n<\/div>                                    <\/div>\n                                                                    <\/div>\n                            <\/div>\n                        <\/div>\n                    <\/div>\n\n                \n                    <div class=\"accordion-item\">\n                        <h3 class=\"accordion-header\" id=\"flush-heading-accordion-block_2a692554aa8df9229453382fb8685b86-2\">\n                            <button class=\"accordion-button collapsed\" type=\"button\" data-bs-toggle=\"collapse\" data-bs-target=\"#flush-collapse-accordion-block_2a692554aa8df9229453382fb8685b86-2\" aria-expanded=\"false\" aria-controls=\"flush-collapse-accordion-block_2a692554aa8df9229453382fb8685b86-2\">\n                                <div class=\"header-title\">Comment rendre mon profil aussi attrayant que possible ?<\/div>                                <div class=\"indicator\"><span><\/span><span><\/span><\/div>\n                            <\/button>\n                        <\/h3>\n                        <div id=\"flush-collapse-accordion-block_2a692554aa8df9229453382fb8685b86-2\" class=\"accordion-collapse collapse \" aria-labelledby=\"flush-heading-accordion-block_2a692554aa8df9229453382fb8685b86-2\" data-bs-parent=\"#accordion-accordion-block_2a692554aa8df9229453382fb8685b86\">\n                            <div class=\"accordion-body\">                                \n                                <div class=\"row\">\n                                    <div class=\"col-12 \">\n                                        <div class=\"text\"><p>D\u00e9cris ton action \u00e0 l&rsquo;aide d&rsquo;un texte court, attrayant et personnel. Tu dois y mentionner l&rsquo;action pour laquelle tu\/vous collectes des fonds (par exemple : \u00ab Nous collectons des fonds pour le Pandathlon de Saint-Gall, le 5 septembre 2028, au profit des h\u00e9rissons et de leurs habitats \u00bb).<\/p>\n<p>Veille \u00e0 t\u00e9l\u00e9charger une bonne photo dont tu d\u00e9tiens les droits d&rsquo;auteur ou d&rsquo;image, ou une image libre de droit.<\/p>\n<\/div>                                    <\/div>\n                                                                    <\/div>\n                            <\/div>\n                        <\/div>\n                    <\/div>\n\n                            <\/div>            \n        \n<\/div>\n\n\n\n\n<div id=\"text-block_41e589014a9391b8f02e918e298dbf8c\" class=\"gb-block   remove-spacing-bottom mod-text\">\n                        <div class=\"container-breakout\" style=\"background: ;\">\n                <div class=\"container\">\n                    <div class=\"row\">\n                        <div class=\"col-12 column-wide\">\n                            <div class=\"text\">\n                                <h2 class=\"h2\">Collecte de dons<\/h2>\n    \n                            <\/div>\n                        <\/div>\n                    <\/div>\n                <\/div>\n            <\/div>\n            <\/div>\n\n\n\n<div id=\"accordion-block_8c9ce7888fbbc926eb5a94a12dbc240b\" class=\"gb-block    mod-accordion\">\n\t\n                <div class=\"accordion accordion-flush\" id=\"accordion-accordion-block_8c9ce7888fbbc926eb5a94a12dbc240b\" style=\"--c-accordion: var(--c-text-primary);\">\n                \n                    <div class=\"accordion-item\">\n                        <h3 class=\"accordion-header\" id=\"flush-heading-accordion-block_8c9ce7888fbbc926eb5a94a12dbc240b-1\">\n                            <button class=\"accordion-button collapsed\" type=\"button\" data-bs-toggle=\"collapse\" data-bs-target=\"#flush-collapse-accordion-block_8c9ce7888fbbc926eb5a94a12dbc240b-1\" aria-expanded=\"false\" aria-controls=\"flush-collapse-accordion-block_8c9ce7888fbbc926eb5a94a12dbc240b-1\">\n                                <div class=\"header-title\">Comment mon don sera-t-il reconnu ?<\/div>                                <div class=\"indicator\"><span><\/span><span><\/span><\/div>\n                            <\/button>\n                        <\/h3>\n                        <div id=\"flush-collapse-accordion-block_8c9ce7888fbbc926eb5a94a12dbc240b-1\" class=\"accordion-collapse collapse \" aria-labelledby=\"flush-heading-accordion-block_8c9ce7888fbbc926eb5a94a12dbc240b-1\" data-bs-parent=\"#accordion-accordion-block_8c9ce7888fbbc926eb5a94a12dbc240b\">\n                            <div class=\"accordion-body\">                                \n                                <div class=\"row\">\n                                    <div class=\"col-12 \">\n                                        <div class=\"text\"><p>Apr\u00e8s r\u00e9ception, tous les donateurs recevront imm\u00e9diatement un re\u00e7u num\u00e9rique. Celui-ci fait \u00e9galement office d&rsquo;attestation fiscale.<\/p>\n<\/div>                                    <\/div>\n                                                                    <\/div>\n                            <\/div>\n                        <\/div>\n                    <\/div>\n\n                \n                    <div class=\"accordion-item\">\n                        <h3 class=\"accordion-header\" id=\"flush-heading-accordion-block_8c9ce7888fbbc926eb5a94a12dbc240b-2\">\n                            <button class=\"accordion-button collapsed\" type=\"button\" data-bs-toggle=\"collapse\" data-bs-target=\"#flush-collapse-accordion-block_8c9ce7888fbbc926eb5a94a12dbc240b-2\" aria-expanded=\"false\" aria-controls=\"flush-collapse-accordion-block_8c9ce7888fbbc926eb5a94a12dbc240b-2\">\n                                <div class=\"header-title\">Comment les dons sont-ils collect\u00e9s ?<\/div>                                <div class=\"indicator\"><span><\/span><span><\/span><\/div>\n                            <\/button>\n                        <\/h3>\n                        <div id=\"flush-collapse-accordion-block_8c9ce7888fbbc926eb5a94a12dbc240b-2\" class=\"accordion-collapse collapse \" aria-labelledby=\"flush-heading-accordion-block_8c9ce7888fbbc926eb5a94a12dbc240b-2\" data-bs-parent=\"#accordion-accordion-block_8c9ce7888fbbc926eb5a94a12dbc240b\">\n                            <div class=\"accordion-body\">                                \n                                <div class=\"row\">\n                                    <div class=\"col-12 \">\n                                        <div class=\"text\"><p>Les donateurs peuvent payer en toute s\u00e9curit\u00e9 et facilement via Twint ou par carte de cr\u00e9dit.<\/p>\n<p><strong>Dans le cas de dons p\u00e9riodiques, les montants ne seront pr\u00e9lev\u00e9s qu&rsquo;apr\u00e8s le Pandathlon. Tu recevras un e-mail indiquant le montant \u00e0 payer, que tu pourras alors r\u00e9gler. <\/strong><\/p>\n<p>&nbsp;<\/p>\n<\/div>                                    <\/div>\n                                                                    <\/div>\n                            <\/div>\n                        <\/div>\n                    <\/div>\n\n                            <\/div>            \n        \n<\/div>\n\n","protected":false},"excerpt":{"rendered":"","protected":false},"author":1,"featured_media":0,"parent":0,"menu_order":0,"comment_status":"closed","ping_status":"closed","template":"","meta":{"_acf_changed":false,"footnotes":""},"class_list":["post-1074","page","type-page","status-publish","hentry"],"acf":[],"_links":{"self":[{"href":"https:\/\/pandanation.ch\/fr\/wp-json\/wp\/v2\/pages\/1074","targetHints":{"allow":["GET"]}}],"collection":[{"href":"https:\/\/pandanation.ch\/fr\/wp-json\/wp\/v2\/pages"}],"about":[{"href":"https:\/\/pandanation.ch\/fr\/wp-json\/wp\/v2\/types\/page"}],"author":[{"embeddable":true,"href":"https:\/\/pandanation.ch\/fr\/wp-json\/wp\/v2\/users\/1"}],"replies":[{"embeddable":true,"href":"https:\/\/pandanation.ch\/fr\/wp-json\/wp\/v2\/comments?post=1074"}],"version-history":[{"count":6,"href":"https:\/\/pandanation.ch\/fr\/wp-json\/wp\/v2\/pages\/1074\/revisions"}],"predecessor-version":[{"id":1201,"href":"https:\/\/pandanation.ch\/fr\/wp-json\/wp\/v2\/pages\/1074\/revisions\/1201"}],"wp:attachment":[{"href":"https:\/\/pandanation.ch\/fr\/wp-json\/wp\/v2\/media?parent=1074"}],"curies":[{"name":"wp","href":"https:\/\/api.w.org\/{rel}","templated":true}]}}