{"id":1072,"date":"2025-06-11T16:08:42","date_gmt":"2025-06-11T14:08:42","guid":{"rendered":"https:\/\/pandanation.ch\/neue-aktion-starten\/"},"modified":"2026-03-25T13:33:08","modified_gmt":"2026-03-25T12:33:08","slug":"neue-aktion-starten","status":"publish","type":"page","link":"https:\/\/pandanation.ch\/fr\/neue-aktion-starten\/","title":{"rendered":"Commencer une nouvelle action"},"content":{"rendered":"\n<div id=\"header-mit-bild-block_46f675473dcd7643b16e44bfa5fe4abb\" class=\"gb-block  remove-spacing-top  mod-header-mit-bild\">\n            <div class=\"container-breakout\">\n            <div class=\"content-wrapper\" style=\"background-color: #009191;\">\n                                    <div class=\"container h-100\">\n                        <div class=\"row h-100\">\n                            <div class=\"column-left col-12 col-md-5 h-100\">\n                                                                    <div class=\"text-wrapper\">\n                                        <h1 class=\"title\" style=\"color: #000000;\">\n                                            Commencer une nouvelle action                                        <\/h1>\n                                    <\/div>\n                                                            <\/div>\n                            <div class=\"column-right col-12 col-md-7\">\n                                <div class=\"img-link-wrapper\">\n                                    <div class=\"img-wrapper\">\n                                                                                    <div class=\"a-image \">       <picture class=\"a-image__picture\">       \t<source width=\"882\" height=\"573\" media=\"(min-width: 1800px)\" srcset=\"https:\/\/pandanation.ch\/wp-content\/uploads\/2025\/07\/35ec6b5e-667f-4621-bdce-0817f2ad914b-Pandathlon-2021- 1x, https:\/\/pandanation.ch\/wp-content\/uploads\/2025\/07\/35ec6b5e-667f-4621-bdce-0817f2ad914b-Pandathlon-2021- 2x\">       \t<source width=\"746\" height=\"485\" media=\"(min-width: 1400px)\" srcset=\"https:\/\/pandanation.ch\/wp-content\/uploads\/2025\/07\/35ec6b5e-667f-4621-bdce-0817f2ad914b-Pandathlon-2021- 1x, https:\/\/pandanation.ch\/wp-content\/uploads\/2025\/07\/35ec6b5e-667f-4621-bdce-0817f2ad914b-Pandathlon-2021- 2x\">           <source width=\"641\" height=\"417\" media=\"(min-width: 1200px)\" srcset=\"https:\/\/pandanation.ch\/wp-content\/uploads\/2025\/07\/35ec6b5e-667f-4621-bdce-0817f2ad914b-Pandathlon-2021- 1x, https:\/\/pandanation.ch\/wp-content\/uploads\/2025\/07\/35ec6b5e-667f-4621-bdce-0817f2ad914b-Pandathlon-2021- 2x\">           <source width=\"536\" height=\"349\" media=\"(min-width: 992px)\" srcset=\"https:\/\/pandanation.ch\/wp-content\/uploads\/2025\/07\/35ec6b5e-667f-4621-bdce-0817f2ad914b-Pandathlon-2021-  1x, https:\/\/pandanation.ch\/wp-content\/uploads\/2025\/07\/35ec6b5e-667f-4621-bdce-0817f2ad914b-Pandathlon-2021- 2x\">           <source width=\"396\" height=\"258\" media=\"(min-width: 768px)\" srcset=\"https:\/\/pandanation.ch\/wp-content\/uploads\/2025\/07\/35ec6b5e-667f-4621-bdce-0817f2ad914b-Pandathlon-2021- 1x, https:\/\/pandanation.ch\/wp-content\/uploads\/2025\/07\/35ec6b5e-667f-4621-bdce-0817f2ad914b-Pandathlon-2021- 2x\">           <source width=\"516\" height=\"336\" media=\"(min-width: 576px)\" srcset=\"https:\/\/pandanation.ch\/wp-content\/uploads\/2025\/07\/35ec6b5e-667f-4621-bdce-0817f2ad914b-Pandathlon-2021- 1x, https:\/\/pandanation.ch\/wp-content\/uploads\/2025\/07\/35ec6b5e-667f-4621-bdce-0817f2ad914b-Pandathlon-2021- 2x\">           <img decoding=\"async\" loading=\"lazy\"width=\"551\" height=\"359\"           class=\"a-image__image\"           src=\"https:\/\/pandanation.ch\/wp-content\/uploads\/2025\/07\/35ec6b5e-667f-4621-bdce-0817f2ad914b-Pandathlon-2021-\" srcset=\"https:\/\/pandanation.ch\/wp-content\/uploads\/2025\/07\/35ec6b5e-667f-4621-bdce-0817f2ad914b-Pandathlon-2021- 2x\" alt=\"\"\/>       <\/picture> <\/div>  \n                                                                            <\/div>\n                                                                    <\/div>\n                            <\/div>\n                        <\/div>\n                    <\/div>\n                            <\/div>\n        <\/div>\n    <\/div>\n\n\n\n<div id=\"text-block_c967585c78839a8a29f9fabc765898a8\" class=\"gb-block    mod-text\">\n                        <div class=\"container-breakout\" style=\"background: ;\">\n                <div class=\"container\">\n                    <div class=\"row\">\n                        <div class=\"col-12 column-wide\">\n                            <div class=\"text\">\n                                <p class=\"lead\">Lance ta propre collecte d\u00e8s maintenant. Tu n&rsquo;as pas besoin de t&rsquo;identifier et tu peux commencer imm\u00e9diatement. Tu as encore des doutes ? Tu trouveras ici les r\u00e9ponses aux questions les plus fr\u00e9quentes.<\/p>\n    \n                            <\/div>\n                        <\/div>\n                    <\/div>\n                <\/div>\n            <\/div>\n            <\/div>\n\n\n\n<div id=\"bild-block_6a76b872c261e58d6ef37c38d7f6138e\" class=\"gb-block    mod-bild\">\n    \n                                    <div class=\"col-12 img-container\">\n                    <div class=\"img-wrapper wide\">\n                        <div class=\"a-image \">       <picture class=\"a-image__picture\">       \t<source width=\"1526\" height=\"704\" media=\"(min-width: 1800px)\" srcset=\"https:\/\/pandanation.ch\/wp-content\/uploads\/2025\/12\/Pandanation-2-1526x0.jpg 1x, https:\/\/pandanation.ch\/wp-content\/uploads\/2025\/12\/Pandanation-2-3052x0.jpg 2x\">       \t<source width=\"1296\" height=\"598\" media=\"(min-width: 1400px)\" srcset=\"https:\/\/pandanation.ch\/wp-content\/uploads\/2025\/12\/Pandanation-2-1296x0.jpg 1x, https:\/\/pandanation.ch\/wp-content\/uploads\/2025\/12\/Pandanation-2-2592x0.jpg 2x\">           <source width=\"1116\" height=\"515\" media=\"(min-width: 1200px)\" srcset=\"https:\/\/pandanation.ch\/wp-content\/uploads\/2025\/12\/Pandanation-2-1116x0.jpg 1x, https:\/\/pandanation.ch\/wp-content\/uploads\/2025\/12\/Pandanation-2-2232x0.jpg 2x\">           <source width=\"936\" height=\"432\" media=\"(min-width: 992px)\" srcset=\"https:\/\/pandanation.ch\/wp-content\/uploads\/2025\/12\/Pandanation-2-936x0.jpg  1x, https:\/\/pandanation.ch\/wp-content\/uploads\/2025\/12\/Pandanation-2-1872x0.jpg 2x\">           <source width=\"696\" height=\"321\" media=\"(min-width: 768px)\" srcset=\"https:\/\/pandanation.ch\/wp-content\/uploads\/2025\/12\/Pandanation-2-696x0.jpg 1x, https:\/\/pandanation.ch\/wp-content\/uploads\/2025\/12\/Pandanation-2-1392x0.jpg 2x\">           <source width=\"516\" height=\"238\" media=\"(min-width: 576px)\" srcset=\"https:\/\/pandanation.ch\/wp-content\/uploads\/2025\/12\/Pandanation-2-516x0.jpg 1x, https:\/\/pandanation.ch\/wp-content\/uploads\/2025\/12\/Pandanation-2-1032x0.jpg 2x\">           <img decoding=\"async\" loading=\"lazy\"width=\"551\" height=\"254\"           class=\"a-image__image\"           src=\"https:\/\/pandanation.ch\/wp-content\/uploads\/2025\/12\/Pandanation-2-551x0.jpg\" srcset=\"https:\/\/pandanation.ch\/wp-content\/uploads\/2025\/12\/Pandanation-2-1102x0.jpg 2x\" alt=\"\"\/>       <\/picture> <\/div>                    <\/div>\n                <\/div>\n                            \n    <\/div>\n","protected":false},"excerpt":{"rendered":"","protected":false},"author":1,"featured_media":0,"parent":0,"menu_order":0,"comment_status":"closed","ping_status":"closed","template":"aktion-erstellen.php","meta":{"_acf_changed":false,"footnotes":""},"class_list":["post-1072","page","type-page","status-publish","hentry"],"acf":[],"_links":{"self":[{"href":"https:\/\/pandanation.ch\/fr\/wp-json\/wp\/v2\/pages\/1072","targetHints":{"allow":["GET"]}}],"collection":[{"href":"https:\/\/pandanation.ch\/fr\/wp-json\/wp\/v2\/pages"}],"about":[{"href":"https:\/\/pandanation.ch\/fr\/wp-json\/wp\/v2\/types\/page"}],"author":[{"embeddable":true,"href":"https:\/\/pandanation.ch\/fr\/wp-json\/wp\/v2\/users\/1"}],"replies":[{"embeddable":true,"href":"https:\/\/pandanation.ch\/fr\/wp-json\/wp\/v2\/comments?post=1072"}],"version-history":[{"count":3,"href":"https:\/\/pandanation.ch\/fr\/wp-json\/wp\/v2\/pages\/1072\/revisions"}],"predecessor-version":[{"id":1204,"href":"https:\/\/pandanation.ch\/fr\/wp-json\/wp\/v2\/pages\/1072\/revisions\/1204"}],"wp:attachment":[{"href":"https:\/\/pandanation.ch\/fr\/wp-json\/wp\/v2\/media?parent=1072"}],"curies":[{"name":"wp","href":"https:\/\/api.w.org\/{rel}","templated":true}]}}